{"id":2,"date":"2024-02-20T18:55:56","date_gmt":"2024-02-20T17:55:56","guid":{"rendered":"https:\/\/toldosortega.com\/?page_id=2"},"modified":"2024-02-28T17:45:45","modified_gmt":"2024-02-28T16:45:45","slug":"pagina-ejemplo","status":"publish","type":"page","link":"https:\/\/toldosortega.com\/index.php\/pagina-ejemplo\/","title":{"rendered":"Sobre nosotros."},"content":{"rendered":"\n<p>Tapizados y Toldos Ortega es una empresa familiar de segunda generaci\u00f3n que cuenta con m\u00e1s de 40 a\u00f1os de experiencia en el sector de los toldos y tapizados Hoy, Tapizados y Toldos Ortega da servicio a Villarrobledo y comarca; ofreciendo servicios de venta, fabricaci\u00f3n, instalaci\u00f3n y reparaci\u00f3n de toldos y capotas, lonas para cami\u00f3n, pancartas, lonas para piscinas y enrolladores,  reparaci\u00f3n de tapicer\u00edas veh\u00edculos y otros.<\/p>\n\n\n\n<p>Nuestras instalaciones se encuentran en el Pol\u00edgono Industrial, C\/ Corominas, N\u00ba 9,  de Villarrobledo (Albacete). <\/p>\n","protected":false},"excerpt":{"rendered":"<p>Tapizados y Toldos Ortega es una empresa familiar de segunda generaci\u00f3n que cuenta con m\u00e1s de 40 a\u00f1os de experiencia en el sector de los toldos y tapizados Hoy, Tapizados y Toldos Ortega da servicio a Villarrobledo y comarca; ofreciendo servicios de venta, fabricaci\u00f3n, instalaci\u00f3n y reparaci\u00f3n de toldos y capotas, lonas para cami\u00f3n, pancartas, [&hellip;]<\/p>\n","protected":false},"author":1,"featured_media":0,"parent":0,"menu_order":5,"comment_status":"closed","ping_status":"open","template":"","meta":{"footnotes":""},"class_list":["post-2","page","type-page","status-publish","hentry"],"_links":{"self":[{"href":"https:\/\/toldosortega.com\/index.php\/wp-json\/wp\/v2\/pages\/2","targetHints":{"allow":["GET"]}}],"collection":[{"href":"https:\/\/toldosortega.com\/index.php\/wp-json\/wp\/v2\/pages"}],"about":[{"href":"https:\/\/toldosortega.com\/index.php\/wp-json\/wp\/v2\/types\/page"}],"author":[{"embeddable":true,"href":"https:\/\/toldosortega.com\/index.php\/wp-json\/wp\/v2\/users\/1"}],"replies":[{"embeddable":true,"href":"https:\/\/toldosortega.com\/index.php\/wp-json\/wp\/v2\/comments?post=2"}],"version-history":[{"count":2,"href":"https:\/\/toldosortega.com\/index.php\/wp-json\/wp\/v2\/pages\/2\/revisions"}],"predecessor-version":[{"id":129,"href":"https:\/\/toldosortega.com\/index.php\/wp-json\/wp\/v2\/pages\/2\/revisions\/129"}],"wp:attachment":[{"href":"https:\/\/toldosortega.com\/index.php\/wp-json\/wp\/v2\/media?parent=2"}],"curies":[{"name":"wp","href":"https:\/\/api.w.org\/{rel}","templated":true}]}}